{"id":140,"date":"2023-10-24T10:05:47","date_gmt":"2023-10-24T08:05:47","guid":{"rendered":"https:\/\/francecopieur.com\/?page_id=140"},"modified":"2023-10-31T11:35:50","modified_gmt":"2023-10-31T10:35:50","slug":"achat","status":"publish","type":"page","link":"https:\/\/francecopieur.com\/index.php\/france-copieur-accueil\/nos-services\/achat\/","title":{"rendered":"Rachat"},"content":{"rendered":"<p><!-- Google Tag Manager --><br \/>\n<script>(function(w,d,s,l,i){w[l]=w[l]||[];w[l].push({'gtm.start':<br \/>\nnew Date().getTime(),event:'gtm.js'});var f=d.getElementsByTagName(s)[0],<br \/>\nj=d.createElement(s),dl=l!='dataLayer'?'&l='+l:'';j.async=true;j.src=<br \/>\n'https:\/\/www.googletagmanager.com\/gtm.js?id='+i+dl;f.parentNode.insertBefore(j,f);<br \/>\n})(window,document,'script','dataLayer','GTM-NRF8VJBM');<\/script><br \/>\n<!-- End Google Tag Manager --><\/p>\n\n\n<p class=\"has-text-color\" id=\"rachat\" style=\"color:#373737\"><strong>Rachat<\/strong><br><strong>\u2022<\/strong>&nbsp;Reprise de vos copieurs en lot ou \u00e0 l\u2019unit\u00e9 sur toute la France,<br><strong>\u2022<\/strong>&nbsp;Audit reprise de votre parc photocopieur,<br><strong>\u2022<\/strong>&nbsp;Gestion du transport et de sa logistique,<br><strong>\u2022<\/strong>&nbsp;Test du mat\u00e9riel,<br><strong>\u2022<\/strong> R\u00e9paration,<br><strong>\u2022<\/strong> Destruction aupr\u00e8s de fili\u00e8res agr\u00e9\u00e9es pour vos D3E (d\u00e9chets d&#8217;\u00e9quipements \u00e9lectriques et \u00e9lectroniques).<\/p>\n\n\n\n<p class=\"has-text-color\" style=\"color:#373737\">Pour une offre de reprise, envoyez nous vos listes \u00e0 <a href=\"mailto:achat@francecopieur.com\" target=\"_blank\" rel=\"noreferrer noopener\">achat@francecopieur.com<\/a><\/p>\n\n\n<p><!-- Google Tag Manager (noscript) --><br \/>\n<noscript><iframe src=\"https:\/\/www.googletagmanager.com\/ns.html?id=GTM-NRF8VJBM\"\nheight=\"0\" width=\"0\" style=\"display:none;visibility:hidden\"><\/iframe><\/noscript><br \/>\n<!-- End Google Tag Manager (noscript) --><\/p>","protected":false},"excerpt":{"rendered":"<p>Rachat\u2022&nbsp;Reprise de vos copieurs en lot ou \u00e0 l\u2019unit\u00e9 sur toute la France,\u2022&nbsp;Audit reprise de votre parc photocopieur,\u2022&nbsp;Gestion du transport et de sa logistique,\u2022&nbsp;Test du mat\u00e9riel,\u2022 R\u00e9paration,\u2022 Destruction aupr\u00e8s de fili\u00e8res agr\u00e9\u00e9es pour vos D3E (d\u00e9chets d&#8217;\u00e9quipements \u00e9lectriques et \u00e9lectroniques). Pour une offre de reprise, envoyez nous vos listes \u00e0 achat@francecopieur.com<\/p>\n","protected":false},"author":1,"featured_media":179,"parent":24,"menu_order":0,"comment_status":"closed","ping_status":"closed","template":"","meta":{"footnotes":""},"class_list":["post-140","page","type-page","status-publish","has-post-thumbnail","hentry"],"_links":{"self":[{"href":"https:\/\/francecopieur.com\/index.php\/wp-json\/wp\/v2\/pages\/140","targetHints":{"allow":["GET"]}}],"collection":[{"href":"https:\/\/francecopieur.com\/index.php\/wp-json\/wp\/v2\/pages"}],"about":[{"href":"https:\/\/francecopieur.com\/index.php\/wp-json\/wp\/v2\/types\/page"}],"author":[{"embeddable":true,"href":"https:\/\/francecopieur.com\/index.php\/wp-json\/wp\/v2\/users\/1"}],"replies":[{"embeddable":true,"href":"https:\/\/francecopieur.com\/index.php\/wp-json\/wp\/v2\/comments?post=140"}],"version-history":[{"count":16,"href":"https:\/\/francecopieur.com\/index.php\/wp-json\/wp\/v2\/pages\/140\/revisions"}],"predecessor-version":[{"id":325,"href":"https:\/\/francecopieur.com\/index.php\/wp-json\/wp\/v2\/pages\/140\/revisions\/325"}],"up":[{"embeddable":true,"href":"https:\/\/francecopieur.com\/index.php\/wp-json\/wp\/v2\/pages\/24"}],"wp:featuredmedia":[{"embeddable":true,"href":"https:\/\/francecopieur.com\/index.php\/wp-json\/wp\/v2\/media\/179"}],"wp:attachment":[{"href":"https:\/\/francecopieur.com\/index.php\/wp-json\/wp\/v2\/media?parent=140"}],"curies":[{"name":"wp","href":"https:\/\/api.w.org\/{rel}","templated":true}]}}