{"id":142,"date":"2023-10-24T10:06:04","date_gmt":"2023-10-24T08:06:04","guid":{"rendered":"https:\/\/francecopieur.com\/?page_id=142"},"modified":"2023-10-31T11:36:20","modified_gmt":"2023-10-31T10:36:20","slug":"vente","status":"publish","type":"page","link":"https:\/\/francecopieur.com\/index.php\/france-copieur-accueil\/nos-services\/vente\/","title":{"rendered":"Vente"},"content":{"rendered":"<p><!-- Google Tag Manager --><br \/>\n<script>(function(w,d,s,l,i){w[l]=w[l]||[];w[l].push({'gtm.start':<br \/>\nnew Date().getTime(),event:'gtm.js'});var f=d.getElementsByTagName(s)[0],<br \/>\nj=d.createElement(s),dl=l!='dataLayer'?'&l='+l:'';j.async=true;j.src=<br \/>\n'https:\/\/www.googletagmanager.com\/gtm.js?id='+i+dl;f.parentNode.insertBefore(j,f);<br \/>\n})(window,document,'script','dataLayer','GTM-NRF8VJBM');<\/script><br \/>\n<!-- End Google Tag Manager --><\/p>\n\n\n<p class=\"has-text-color\" id=\"Vente\" style=\"color:#373737\">France Copieur vous apporte son expertise et des solutions dans le <strong>respect des normes environnementales<\/strong>, pour vos besoins en <strong>mat\u00e9riels bureautiques et consommables<\/strong>.<br><a href=\"https:\/\/www.google.com\/maps\/@46.692792,-1.3907354,14z?entry=ttu\">Notre centre logistique<\/a>&nbsp;de 3 000 m\u00b2 dispose d\u2019un stock de <strong>plus de 5000 machines<\/strong>.<br><br>Nous apportons le plus grand soin de pr\u00e9paration pour chacune de vos commandes, qu&#8217;elle soit : <strong>\u00e0 l&#8217;unit\u00e9, en lot ou en conteneurs.<\/strong><br><br>Nous exp\u00e9dions vos machines en France et partout dans le monde\u202f: Europe, Asie, Afrique, Moyen-Orient et en Am\u00e9rique du Sud.<br>Nos exigences sur le conditionnement et le chargement de votre commande vous<strong> assure de la recevoir en parfait \u00e9tat<\/strong>.<\/p>\n\n\n\n<p class=\"has-text-color\" style=\"color:#373737\">N&#8217;attendez plus : contactez notre \u00e9quipe \u00e0 <a href=\"mailto:info@francecopieur.com\" target=\"_blank\" rel=\"noreferrer noopener\">info@francecopieur.com<\/a> !<\/p>\n\n\n<p><!-- Google Tag Manager (noscript) --><br \/>\n<noscript><iframe src=\"https:\/\/www.googletagmanager.com\/ns.html?id=GTM-NRF8VJBM\"\nheight=\"0\" width=\"0\" style=\"display:none;visibility:hidden\"><\/iframe><\/noscript><br \/>\n<!-- End Google Tag Manager (noscript) --><\/p>","protected":false},"excerpt":{"rendered":"<p>France Copieur vous apporte son expertise et des solutions dans le respect des normes environnementales, pour vos besoins en mat\u00e9riels bureautiques et consommables.Notre centre logistique&nbsp;de 3 000 m\u00b2 dispose d\u2019un stock de plus de 5000 machines. Nous apportons le plus grand soin de pr\u00e9paration pour chacune de vos commandes, qu&#8217;elle soit : \u00e0 l&#8217;unit\u00e9, en &hellip; <\/p>\n<p class=\"link-more\"><a href=\"https:\/\/francecopieur.com\/index.php\/france-copieur-accueil\/nos-services\/vente\/\" class=\"more-link\">Read more<span class=\"screen-reader-text\"> &#8220;Vente&#8221;<\/span><\/a><\/p>\n","protected":false},"author":1,"featured_media":189,"parent":24,"menu_order":0,"comment_status":"closed","ping_status":"closed","template":"","meta":{"footnotes":""},"class_list":["post-142","page","type-page","status-publish","has-post-thumbnail","hentry"],"_links":{"self":[{"href":"https:\/\/francecopieur.com\/index.php\/wp-json\/wp\/v2\/pages\/142","targetHints":{"allow":["GET"]}}],"collection":[{"href":"https:\/\/francecopieur.com\/index.php\/wp-json\/wp\/v2\/pages"}],"about":[{"href":"https:\/\/francecopieur.com\/index.php\/wp-json\/wp\/v2\/types\/page"}],"author":[{"embeddable":true,"href":"https:\/\/francecopieur.com\/index.php\/wp-json\/wp\/v2\/users\/1"}],"replies":[{"embeddable":true,"href":"https:\/\/francecopieur.com\/index.php\/wp-json\/wp\/v2\/comments?post=142"}],"version-history":[{"count":12,"href":"https:\/\/francecopieur.com\/index.php\/wp-json\/wp\/v2\/pages\/142\/revisions"}],"predecessor-version":[{"id":326,"href":"https:\/\/francecopieur.com\/index.php\/wp-json\/wp\/v2\/pages\/142\/revisions\/326"}],"up":[{"embeddable":true,"href":"https:\/\/francecopieur.com\/index.php\/wp-json\/wp\/v2\/pages\/24"}],"wp:featuredmedia":[{"embeddable":true,"href":"https:\/\/francecopieur.com\/index.php\/wp-json\/wp\/v2\/media\/189"}],"wp:attachment":[{"href":"https:\/\/francecopieur.com\/index.php\/wp-json\/wp\/v2\/media?parent=142"}],"curies":[{"name":"wp","href":"https:\/\/api.w.org\/{rel}","templated":true}]}}