{"id":145,"date":"2023-10-24T10:06:28","date_gmt":"2023-10-24T08:06:28","guid":{"rendered":"https:\/\/francecopieur.com\/?page_id=145"},"modified":"2023-10-31T11:34:55","modified_gmt":"2023-10-31T10:34:55","slug":"recyclage-et-traitement-d3e-et-pieces","status":"publish","type":"page","link":"https:\/\/francecopieur.com\/index.php\/france-copieur-accueil\/nos-services\/recyclage-et-traitement-d3e-et-pieces\/","title":{"rendered":"Recyclage et traitement D3E* et pi\u00e8ces"},"content":{"rendered":"<p><!-- Google Tag Manager --><br \/>\n<script>(function(w,d,s,l,i){w[l]=w[l]||[];w[l].push({'gtm.start':<br \/>\nnew Date().getTime(),event:'gtm.js'});var f=d.getElementsByTagName(s)[0],<br \/>\nj=d.createElement(s),dl=l!='dataLayer'?'&l='+l:'';j.async=true;j.src=<br \/>\n'https:\/\/www.googletagmanager.com\/gtm.js?id='+i+dl;f.parentNode.insertBefore(j,f);<br \/>\n})(window,document,'script','dataLayer','GTM-NRF8VJBM');<\/script><br \/>\n<!-- End Google Tag Manager --><\/p>\n\n\n<p class=\"has-text-color\" style=\"color:#373737\"><strong>V\u00e9ritable fili\u00e8re de valorisation mati\u00e8re en France !<\/strong><\/p>\n\n\n\n<p class=\"has-text-color\" style=\"color:#373737\"><br>Aujourd\u2019hui plus que jamais, il est essentiel d&#8217;agir en faveur de l&#8217;environnement et de travailler ensemble pour parvenir \u00e0 un mode de vie plus<strong> circulaire, responsable et durable<\/strong>. Chez <a href=\"homehttps:\/\/francecopieur.com\/\" data-type=\"link\" data-id=\"homehttps:\/\/francecopieur.com\/\">France Copieur<\/a>, nous sommes <strong>pleinement engag\u00e9s<\/strong> dans cette initiative, en recherchant, par nos actions et notre d\u00e9vouement, un monde plus sain pour tous.<\/p>\n\n\n\n<p class=\"has-text-color\" style=\"color:#373737\">Vous aussi agissez et <a href=\"mailto:info@francecopieur.com\" target=\"_blank\" rel=\"noreferrer noopener\">contactez nous<\/a> pour b\u00e9n\u00e9ficier de notre service recyclage et traitement de vos d\u00e9chet&nbsp;d&#8217;\u00e9quipement \u00e9lectrique et \u00e9lectronique :<br><strong>\u2022<\/strong>&nbsp;Tri,<br><strong>\u2022<\/strong>&nbsp;Mise \u00e0 disposition de m\u00b2 pour stocker vos pi\u00e8ces d\u00e9tach\u00e9es,<br><strong>\u2022<\/strong>&nbsp;Reconditionnement de vos copieurs,<br><strong>\u2022<\/strong>&nbsp;D\u00e9mant\u00e8lement afin de favoriser le r\u00e9emploi, la r\u00e9utilisation ou la valorisation mati\u00e8re,<br><strong>\u2022<\/strong>&nbsp;Extraction des m\u00e9taux pr\u00e9cieux r\u00e9alis\u00e9 par notre \u00e9quipe technique,<br><strong>\u2022<\/strong>&nbsp;Mise \u00e0 disposition de BSD (bordereau de suivi de d\u00e9chets).<br><br><em>*d\u00e9chet&nbsp;d&#8217;\u00e9quipement \u00e9lectrique et \u00e9lectronique<\/em><\/p>\n\n\n<p><!-- Google Tag Manager (noscript) --><br \/>\n<noscript><iframe src=\"https:\/\/www.googletagmanager.com\/ns.html?id=GTM-NRF8VJBM\"\nheight=\"0\" width=\"0\" style=\"display:none;visibility:hidden\"><\/iframe><\/noscript><br \/>\n<!-- End Google Tag Manager (noscript) --><\/p>","protected":false},"excerpt":{"rendered":"<p>V\u00e9ritable fili\u00e8re de valorisation mati\u00e8re en France ! Aujourd\u2019hui plus que jamais, il est essentiel d&#8217;agir en faveur de l&#8217;environnement et de travailler ensemble pour parvenir \u00e0 un mode de vie plus circulaire, responsable et durable. Chez France Copieur, nous sommes pleinement engag\u00e9s dans cette initiative, en recherchant, par nos actions et notre d\u00e9vouement, un &hellip; <\/p>\n<p class=\"link-more\"><a href=\"https:\/\/francecopieur.com\/index.php\/france-copieur-accueil\/nos-services\/recyclage-et-traitement-d3e-et-pieces\/\" class=\"more-link\">Read more<span class=\"screen-reader-text\"> &#8220;Recyclage et traitement D3E* et pi\u00e8ces&#8221;<\/span><\/a><\/p>\n","protected":false},"author":1,"featured_media":191,"parent":24,"menu_order":0,"comment_status":"closed","ping_status":"closed","template":"","meta":{"footnotes":""},"class_list":["post-145","page","type-page","status-publish","has-post-thumbnail","hentry"],"_links":{"self":[{"href":"https:\/\/francecopieur.com\/index.php\/wp-json\/wp\/v2\/pages\/145","targetHints":{"allow":["GET"]}}],"collection":[{"href":"https:\/\/francecopieur.com\/index.php\/wp-json\/wp\/v2\/pages"}],"about":[{"href":"https:\/\/francecopieur.com\/index.php\/wp-json\/wp\/v2\/types\/page"}],"author":[{"embeddable":true,"href":"https:\/\/francecopieur.com\/index.php\/wp-json\/wp\/v2\/users\/1"}],"replies":[{"embeddable":true,"href":"https:\/\/francecopieur.com\/index.php\/wp-json\/wp\/v2\/comments?post=145"}],"version-history":[{"count":9,"href":"https:\/\/francecopieur.com\/index.php\/wp-json\/wp\/v2\/pages\/145\/revisions"}],"predecessor-version":[{"id":322,"href":"https:\/\/francecopieur.com\/index.php\/wp-json\/wp\/v2\/pages\/145\/revisions\/322"}],"up":[{"embeddable":true,"href":"https:\/\/francecopieur.com\/index.php\/wp-json\/wp\/v2\/pages\/24"}],"wp:featuredmedia":[{"embeddable":true,"href":"https:\/\/francecopieur.com\/index.php\/wp-json\/wp\/v2\/media\/191"}],"wp:attachment":[{"href":"https:\/\/francecopieur.com\/index.php\/wp-json\/wp\/v2\/media?parent=145"}],"curies":[{"name":"wp","href":"https:\/\/api.w.org\/{rel}","templated":true}]}}