{"id":154,"date":"2023-10-24T10:09:58","date_gmt":"2023-10-24T08:09:58","guid":{"rendered":"https:\/\/francecopieur.com\/?page_id=154"},"modified":"2023-10-31T11:35:32","modified_gmt":"2023-10-31T10:35:32","slug":"prestation-logistique-et-deploiement","status":"publish","type":"page","link":"https:\/\/francecopieur.com\/index.php\/france-copieur-accueil\/nos-services\/prestation-logistique-et-deploiement\/","title":{"rendered":"Autres services"},"content":{"rendered":"<p><!-- Google Tag Manager --><br \/>\n<script>(function(w,d,s,l,i){w[l]=w[l]||[];w[l].push({'gtm.start':<br \/>\nnew Date().getTime(),event:'gtm.js'});var f=d.getElementsByTagName(s)[0],<br \/>\nj=d.createElement(s),dl=l!='dataLayer'?'&l='+l:'';j.async=true;j.src=<br \/>\n'https:\/\/www.googletagmanager.com\/gtm.js?id='+i+dl;f.parentNode.insertBefore(j,f);<br \/>\n})(window,document,'script','dataLayer','GTM-NRF8VJBM');<\/script><br \/>\n<!-- End Google Tag Manager --><\/p>\n\n\n<h2 class=\"wp-block-heading has-text-color\" id=\"logistique\" style=\"color:#373737\">Prestation logistique et d\u00e9ploiement<\/h2>\n\n\n\n<p class=\"has-text-color\" style=\"color:#373737\">En choisissant France Copieur comme prestataire logistique pour le d\u00e9ploiement de votre parc de mat\u00e9riels bureautiques, vous b\u00e9n\u00e9ficier de l&#8217;efficacit\u00e9 d&#8217;un partenaire externe sp\u00e9cialis\u00e9*.<\/p>\n\n\n\n<div class=\"wp-block-columns are-vertically-aligned-center is-layout-flex wp-container-core-columns-is-layout-9d6595d7 wp-block-columns-is-layout-flex\">\n<div class=\"wp-block-column is-vertically-aligned-center is-layout-flow wp-block-column-is-layout-flow\" style=\"flex-basis:33.33%\">\n<figure class=\"wp-block-image size-large is-resized\"><img loading=\"lazy\" decoding=\"async\" width=\"1024\" height=\"576\" src=\"http:\/\/francecopieur.com\/wp-content\/uploads\/2023\/10\/P1040331-1024x576.jpg\" alt=\"\" class=\"wp-image-161\" style=\"aspect-ratio:1.7777777777777777;width:288px;height:auto\" srcset=\"https:\/\/francecopieur.com\/wp-content\/uploads\/2023\/10\/P1040331-1024x576.jpg 1024w, https:\/\/francecopieur.com\/wp-content\/uploads\/2023\/10\/P1040331-300x169.jpg 300w, https:\/\/francecopieur.com\/wp-content\/uploads\/2023\/10\/P1040331-768x432.jpg 768w, https:\/\/francecopieur.com\/wp-content\/uploads\/2023\/10\/P1040331-1536x864.jpg 1536w, https:\/\/francecopieur.com\/wp-content\/uploads\/2023\/10\/P1040331-2048x1152.jpg 2048w, https:\/\/francecopieur.com\/wp-content\/uploads\/2023\/10\/P1040331-2000x1125.jpg 2000w\" sizes=\"auto, (max-width: 1024px) 100vw, 1024px\" \/><\/figure>\n<\/div>\n\n\n\n<div class=\"wp-block-column is-vertically-aligned-center is-layout-flow wp-block-column-is-layout-flow\" style=\"flex-basis:66.66%\">\n<p class=\"has-text-color\" style=\"color:#373737\"><strong>Notre mission principale<\/strong> :<br>Pr\u00e9parer vos photocopieurs et imprimantes neuves (r\u00e9ception, d\u00e9ballage, pr\u00e9 installation, prise de rendez-vous client, d\u00e9ploiement et reporting d&#8217;installation).<\/p>\n<\/div>\n<\/div>\n\n\n\n<p class=\"has-text-color\" style=\"color:#373737\"><em>*Service disponible sur demande et \u00e9valuation de votre dossier par notre \u00e9quipe, minimum requis 5 machines.<\/em><\/p>\n\n\n\n<hr class=\"wp-block-separator alignwide has-text-color has-alpha-channel-opacity has-background is-style-default\" style=\"background-color:#373737;color:#373737\"\/>\n\n\n\n<h2 class=\"wp-block-heading has-text-color\" id=\"anonymisation\" style=\"color:#373737\">Anonymisation de vos donn\u00e9es<\/h2>\n\n\n\n<div class=\"wp-block-columns are-vertically-aligned-center is-layout-flex wp-container-core-columns-is-layout-9d6595d7 wp-block-columns-is-layout-flex\">\n<div class=\"wp-block-column is-vertically-aligned-center is-layout-flow wp-block-column-is-layout-flow\" style=\"flex-basis:66.66%\">\n<p class=\"has-text-color\" style=\"color:#373737\"><strong>Parce que votre s\u00e9curit\u00e9 n\u2019est pas une option, France Copieur garantit la protection de vos donn\u00e9es dans la conformit\u00e9 des normes RGPD<\/strong>.<br>Nous vous proposons un service d\u2019effacement des donn\u00e9es dans le respect des normes les plus strictes. Nous r\u00e9alisons \u00e9galement un rapport qui pourra vous \u00eatre transmis,&nbsp;<a href=\"https:\/\/francecopieur.com\/index.php\/contact\/\">sur demande<\/a>.<\/p>\n<\/div>\n\n\n\n<div class=\"wp-block-column is-vertically-aligned-center is-layout-flow wp-block-column-is-layout-flow\" style=\"flex-basis:33.33%\">\n<figure class=\"wp-block-image size-large is-resized\"><img loading=\"lazy\" decoding=\"async\" width=\"724\" height=\"1024\" src=\"http:\/\/francecopieur.com\/wp-content\/uploads\/2023\/10\/securite-francecopieur-724x1024.jpg\" alt=\"\" class=\"wp-image-86\" style=\"aspect-ratio:0.70703125;width:214px;height:auto\" srcset=\"https:\/\/francecopieur.com\/wp-content\/uploads\/2023\/10\/securite-francecopieur-724x1024.jpg 724w, https:\/\/francecopieur.com\/wp-content\/uploads\/2023\/10\/securite-francecopieur-212x300.jpg 212w, https:\/\/francecopieur.com\/wp-content\/uploads\/2023\/10\/securite-francecopieur-768x1086.jpg 768w, https:\/\/francecopieur.com\/wp-content\/uploads\/2023\/10\/securite-francecopieur-1086x1536.jpg 1086w, https:\/\/francecopieur.com\/wp-content\/uploads\/2023\/10\/securite-francecopieur-1448x2048.jpg 1448w, https:\/\/francecopieur.com\/wp-content\/uploads\/2023\/10\/securite-francecopieur-2000x2829.jpg 2000w, https:\/\/francecopieur.com\/wp-content\/uploads\/2023\/10\/securite-francecopieur-scaled.jpg 1810w\" sizes=\"auto, (max-width: 724px) 100vw, 724px\" \/><\/figure>\n<\/div>\n<\/div>\n\n\n\n<hr class=\"wp-block-separator has-alpha-channel-opacity\"\/>\n\n\n\n<div class=\"wp-block-buttons is-content-justification-center is-layout-flex wp-container-core-buttons-is-layout-16018d1d wp-block-buttons-is-layout-flex\">\n<div class=\"wp-block-button\"><a class=\"wp-block-button__link has-background has-text-align-center wp-element-button\" href=\"https:\/\/francecopieur.com\/index.php\/contact\/\" style=\"background-color:#373737\">Nous contacter<\/a><\/div>\n<\/div>\n\n\n\n<p><!-- Google Tag Manager (noscript) -->\n<noscript><iframe loading=\"lazy\" src=\"https:\/\/www.googletagmanager.com\/ns.html?id=GTM-NRF8VJBM\" height=\"0\" width=\"0\" style=\"display:none;visibility:hidden\"><\/iframe><\/noscript>\n<!-- End Google Tag Manager (noscript) -->\n<p><\/p><\/p>\n","protected":false},"excerpt":{"rendered":"<p>Prestation logistique et d\u00e9ploiement En choisissant France Copieur comme prestataire logistique pour le d\u00e9ploiement de votre parc de mat\u00e9riels bureautiques, vous b\u00e9n\u00e9ficier de l&#8217;efficacit\u00e9 d&#8217;un partenaire externe sp\u00e9cialis\u00e9*. Notre mission principale :Pr\u00e9parer vos photocopieurs et imprimantes neuves (r\u00e9ception, d\u00e9ballage, pr\u00e9 installation, prise de rendez-vous client, d\u00e9ploiement et reporting d&#8217;installation). *Service disponible sur demande et \u00e9valuation &hellip; <\/p>\n<p class=\"link-more\"><a href=\"https:\/\/francecopieur.com\/index.php\/france-copieur-accueil\/nos-services\/prestation-logistique-et-deploiement\/\" class=\"more-link\">Read more<span class=\"screen-reader-text\"> &#8220;Autres services&#8221;<\/span><\/a><\/p>\n","protected":false},"author":1,"featured_media":187,"parent":24,"menu_order":0,"comment_status":"closed","ping_status":"closed","template":"","meta":{"footnotes":""},"class_list":["post-154","page","type-page","status-publish","has-post-thumbnail","hentry"],"_links":{"self":[{"href":"https:\/\/francecopieur.com\/index.php\/wp-json\/wp\/v2\/pages\/154","targetHints":{"allow":["GET"]}}],"collection":[{"href":"https:\/\/francecopieur.com\/index.php\/wp-json\/wp\/v2\/pages"}],"about":[{"href":"https:\/\/francecopieur.com\/index.php\/wp-json\/wp\/v2\/types\/page"}],"author":[{"embeddable":true,"href":"https:\/\/francecopieur.com\/index.php\/wp-json\/wp\/v2\/users\/1"}],"replies":[{"embeddable":true,"href":"https:\/\/francecopieur.com\/index.php\/wp-json\/wp\/v2\/comments?post=154"}],"version-history":[{"count":20,"href":"https:\/\/francecopieur.com\/index.php\/wp-json\/wp\/v2\/pages\/154\/revisions"}],"predecessor-version":[{"id":324,"href":"https:\/\/francecopieur.com\/index.php\/wp-json\/wp\/v2\/pages\/154\/revisions\/324"}],"up":[{"embeddable":true,"href":"https:\/\/francecopieur.com\/index.php\/wp-json\/wp\/v2\/pages\/24"}],"wp:featuredmedia":[{"embeddable":true,"href":"https:\/\/francecopieur.com\/index.php\/wp-json\/wp\/v2\/media\/187"}],"wp:attachment":[{"href":"https:\/\/francecopieur.com\/index.php\/wp-json\/wp\/v2\/media?parent=154"}],"curies":[{"name":"wp","href":"https:\/\/api.w.org\/{rel}","templated":true}]}}