{"id":24,"date":"2023-09-26T10:47:46","date_gmt":"2023-09-26T08:47:46","guid":{"rendered":"https:\/\/francecopieur.com\/?page_id=24"},"modified":"2023-10-31T11:35:13","modified_gmt":"2023-10-31T10:35:13","slug":"nos-services","status":"publish","type":"page","link":"https:\/\/francecopieur.com\/index.php\/france-copieur-accueil\/nos-services\/","title":{"rendered":"Nos services"},"content":{"rendered":"<p><!-- Google Tag Manager --><br \/>\n<script>(function(w,d,s,l,i){w[l]=w[l]||[];w[l].push({'gtm.start':<br \/>\nnew Date().getTime(),event:'gtm.js'});var f=d.getElementsByTagName(s)[0],<br \/>\nj=d.createElement(s),dl=l!='dataLayer'?'&l='+l:'';j.async=true;j.src=<br \/>\n'https:\/\/www.googletagmanager.com\/gtm.js?id='+i+dl;f.parentNode.insertBefore(j,f);<br \/>\n})(window,document,'script','dataLayer','GTM-NRF8VJBM');<\/script><br \/>\n<!-- End Google Tag Manager --><\/p>\n\n\n<div class=\"wp-block-columns is-layout-flex wp-container-core-columns-is-layout-9d6595d7 wp-block-columns-is-layout-flex\">\n<div class=\"wp-block-column is-layout-flow wp-block-column-is-layout-flow\" style=\"flex-basis:66.66%\">\n<h2 class=\"wp-block-heading has-text-color\" style=\"color:#373737\">Nos services<\/h2>\n\n\n\n<p class=\"has-text-color\" style=\"color:#373737\">Chaque machine est rigoureusement s\u00e9lectionn\u00e9e \u00e0 l\u2019achat par notre \u00e9quipe. L\u2019int\u00e9gralit\u00e9 de nos photocopieurs ainsi que leurs fonctions sont test\u00e9es et analys\u00e9es. Gr\u00e2ce aux r\u00e9sultats de ces diff\u00e9rents test, notre \u00e9quipe est en capacit\u00e9 de d\u00e9terminer la suite du processus :&nbsp;<\/p>\n\n\n\n<ul class=\"has-text-color wp-block-list\" style=\"color:#373737\">\n<li>Le <strong>r\u00e9emploi <\/strong>de mat\u00e9riels d\u2019impression,<\/li>\n\n\n\n<li>La <strong>revalorisation <\/strong>de pi\u00e8ces d\u00e9tach\u00e9es,<\/li>\n\n\n\n<li>La <strong>r\u00e9cup\u00e9ration <\/strong>des donn\u00e9es machines,<\/li>\n\n\n\n<li>La<strong> destruction du disque dur<\/strong> ou l\u2019effacement de donn\u00e9es 100% s\u00e9curis\u00e9e et la <strong>r\u00e9alisation d\u2019un rapport<\/strong> qui garantit la s\u00e9curit\u00e9 des donn\u00e9es,<\/li>\n\n\n\n<li>La mise en fili\u00e8re <strong>recyclage et destruction <\/strong>de pi\u00e8ces d\u00e9tach\u00e9es (D3E).<\/li>\n<\/ul>\n\n\n\n<p class=\"has-text-color\" style=\"color:#373737\">Notre exigence sur le conditionnement et le chargement de nos machines vous garantit de recevoir votre commande en parfait \u00e9tat.<\/p>\n<\/div>\n\n\n\n<div class=\"wp-block-column is-layout-flow wp-block-column-is-layout-flow\" style=\"flex-basis:33.33%\">\n<figure class=\"wp-block-image size-large\"><img loading=\"lazy\" decoding=\"async\" width=\"724\" height=\"1024\" src=\"http:\/\/francecopieur.com\/wp-content\/uploads\/2023\/10\/expertise-stock-724x1024.png\" alt=\"\" class=\"wp-image-84\" srcset=\"https:\/\/francecopieur.com\/wp-content\/uploads\/2023\/10\/expertise-stock-724x1024.png 724w, https:\/\/francecopieur.com\/wp-content\/uploads\/2023\/10\/expertise-stock-212x300.png 212w, https:\/\/francecopieur.com\/wp-content\/uploads\/2023\/10\/expertise-stock-768x1086.png 768w, https:\/\/francecopieur.com\/wp-content\/uploads\/2023\/10\/expertise-stock-1086x1536.png 1086w, https:\/\/francecopieur.com\/wp-content\/uploads\/2023\/10\/expertise-stock-1448x2048.png 1448w, https:\/\/francecopieur.com\/wp-content\/uploads\/2023\/10\/expertise-stock-2000x2829.png 2000w\" sizes=\"auto, (max-width: 724px) 100vw, 724px\" \/><\/figure>\n<\/div>\n<\/div>\n\n\n\n<hr class=\"wp-block-separator has-alpha-channel-opacity\"\/>\n\n\n\n<div class=\"wp-block-group alignfull has-background\" style=\"background-color:#e5e9ec\"><div class=\"wp-block-group__inner-container is-layout-constrained wp-block-group-is-layout-constrained\">\n<p class=\"has-text-color has-background\" style=\"color:#373737;background-color:#e5e9ec\"><strong><a href=\"https:\/\/francecopieur.com\/index.php\/france-copieur-accueil\/nos-services\/achat\/#rachat\">Rachat<\/a><\/strong><br><strong>\u2022<\/strong> Reprise de vos copieurs en lot ou \u00e0 l\u2019unit\u00e9 sur toute la France,<br><strong>\u2022<\/strong> Audit reprise de votre parc photocopieur,<br><strong>\u2022<\/strong> Gestion de la logistique chargement,<br><strong>\u2022<\/strong> Test de la marchandise, r\u00e9paration et destruction aupr\u00e8s de nos partenaires.<br><br><strong><a href=\"https:\/\/francecopieur.com\/index.php\/france-copieur-accueil\/nos-services\/vente\/#vente\">Vente<\/a><\/strong><br>France Copieur vous apporte son expertise et des solutions dans le&nbsp;<strong>respect des normes environnementales<\/strong>, pour vos besoins en&nbsp;<strong>machines bureautiques et\/ou leurs consommables<\/strong>. <a href=\"https:\/\/www.google.com\/maps\/@46.692792,-1.3907354,14z?entry=ttu\">Notre centre logistique<\/a>&nbsp;de 3 000 m\u00b2 dispose d\u2019un stock de&nbsp;<strong>plus de 5000 machines<\/strong>.<br>Nous apportons le plus grand soin de pr\u00e9paration pour chacune de vos commandes, qu\u2019elle soit :&nbsp;<strong>\u00e0 l\u2019unit\u00e9, en lot ou en conteneurs.<\/strong><br><br><strong><a href=\"https:\/\/francecopieur.com\/index.php\/france-copieur-accueil\/nos-services\/recyclage-et-traitement-d3e-et-pieces\/#recyclage\">Recyclage et traitement D3E* et pi\u00e8ces<\/a><\/strong> |<strong> <\/strong>V\u00e9ritable fili\u00e8re de valorisation mati\u00e8re en France.&nbsp; &nbsp;<br><strong>\u2022<\/strong> Tri,<br><strong>\u2022<\/strong> Mise \u00e0 disposition de m\u00b2 pour stocker vos pi\u00e8ces d\u00e9tach\u00e9es,<br><strong>\u2022<\/strong> Reconditionnement de vos copieurs,<br><strong>\u2022<\/strong> D\u00e9mant\u00e8lement afin de favoriser le r\u00e9emploi, la r\u00e9utilisation ou la valorisation mati\u00e8re,<br><strong>\u2022<\/strong> Extraction des m\u00e9taux pr\u00e9cieux r\u00e9alis\u00e9 par notre \u00e9quipe technique,<br><strong>\u2022<\/strong> Anonymisation par l\u2019effacement des donn\u00e9es de votre machine,<br><strong>\u2022<\/strong> Mise \u00e0 disposition de BSD (bordereau de suivi de d\u00e9chets).<br><br><strong><a href=\"https:\/\/francecopieur.com\/index.php\/france-copieur-accueil\/nos-services\/prestation-logistique-et-deploiement\/#logistique\">Prestation logistique et d\u00e9ploiement<br><\/a><\/strong>Vous pr\u00e9parer vos photocopieurs et imprimantes neuves (r\u00e9ception, d\u00e9ballage, pr\u00e9 installation, prise de rendez-vous client, d\u00e9ploiement et reporting d\u2019installation).<br><br><a href=\"https:\/\/francecopieur.com\/index.php\/france-copieur-accueil\/nos-services\/prestation-logistique-et-deploiement\/#anonymisation\"><strong>Anonymisation de vos donn\u00e9es<\/strong><br><\/a>Parce que votre s\u00e9curit\u00e9 n\u2019est pas une option, France Copieur garantit la protection de vos donn\u00e9es dans la conformit\u00e9 des normes RGPD. Nous vous proposons un service d\u2019effacement des donn\u00e9es dans le respect des normes les plus strictes. Nous r\u00e9alisons \u00e9galement un rapport qui pourra vous \u00eatre transmis,&nbsp;<a href=\"https:\/\/francecopieur.com\/index.php\/contact\/\">sur demande<\/a>.<\/p>\n\n\n\n<hr class=\"wp-block-separator has-alpha-channel-opacity\"\/>\n\n\n\n<div class=\"wp-block-buttons is-content-justification-center is-layout-flex wp-container-core-buttons-is-layout-16018d1d wp-block-buttons-is-layout-flex\">\n<div class=\"wp-block-button is-style-outline is-style-outline--1\"><a class=\"wp-block-button__link has-text-color wp-element-button\" href=\"https:\/\/francecopieur.com\/index.php\/contact\/\" style=\"color:#373737\">Demander un devis<\/a><\/div>\n<\/div>\n<\/div><\/div>\n\n\n\n<p><\/p>\n\n\n<p><!-- Google Tag Manager (noscript) --><br \/>\n<noscript><iframe src=\"https:\/\/www.googletagmanager.com\/ns.html?id=GTM-NRF8VJBM\"\nheight=\"0\" width=\"0\" style=\"display:none;visibility:hidden\"><\/iframe><\/noscript><br \/>\n<!-- End Google Tag Manager (noscript) --><\/p>","protected":false},"excerpt":{"rendered":"<p>Nos services Chaque machine est rigoureusement s\u00e9lectionn\u00e9e \u00e0 l\u2019achat par notre \u00e9quipe. L\u2019int\u00e9gralit\u00e9 de nos photocopieurs ainsi que leurs fonctions sont test\u00e9es et analys\u00e9es. Gr\u00e2ce aux r\u00e9sultats de ces diff\u00e9rents test, notre \u00e9quipe est en capacit\u00e9 de d\u00e9terminer la suite du processus :&nbsp; Notre exigence sur le conditionnement et le chargement de nos machines vous &hellip; <\/p>\n<p class=\"link-more\"><a href=\"https:\/\/francecopieur.com\/index.php\/france-copieur-accueil\/nos-services\/\" class=\"more-link\">Read more<span class=\"screen-reader-text\"> &#8220;Nos services&#8221;<\/span><\/a><\/p>\n","protected":false},"author":1,"featured_media":247,"parent":6,"menu_order":0,"comment_status":"closed","ping_status":"closed","template":"","meta":{"footnotes":""},"class_list":["post-24","page","type-page","status-publish","has-post-thumbnail","hentry"],"_links":{"self":[{"href":"https:\/\/francecopieur.com\/index.php\/wp-json\/wp\/v2\/pages\/24","targetHints":{"allow":["GET"]}}],"collection":[{"href":"https:\/\/francecopieur.com\/index.php\/wp-json\/wp\/v2\/pages"}],"about":[{"href":"https:\/\/francecopieur.com\/index.php\/wp-json\/wp\/v2\/types\/page"}],"author":[{"embeddable":true,"href":"https:\/\/francecopieur.com\/index.php\/wp-json\/wp\/v2\/users\/1"}],"replies":[{"embeddable":true,"href":"https:\/\/francecopieur.com\/index.php\/wp-json\/wp\/v2\/comments?post=24"}],"version-history":[{"count":16,"href":"https:\/\/francecopieur.com\/index.php\/wp-json\/wp\/v2\/pages\/24\/revisions"}],"predecessor-version":[{"id":323,"href":"https:\/\/francecopieur.com\/index.php\/wp-json\/wp\/v2\/pages\/24\/revisions\/323"}],"up":[{"embeddable":true,"href":"https:\/\/francecopieur.com\/index.php\/wp-json\/wp\/v2\/pages\/6"}],"wp:featuredmedia":[{"embeddable":true,"href":"https:\/\/francecopieur.com\/index.php\/wp-json\/wp\/v2\/media\/247"}],"wp:attachment":[{"href":"https:\/\/francecopieur.com\/index.php\/wp-json\/wp\/v2\/media?parent=24"}],"curies":[{"name":"wp","href":"https:\/\/api.w.org\/{rel}","templated":true}]}}