{"id":6,"date":"2023-09-26T10:33:49","date_gmt":"2023-09-26T08:33:49","guid":{"rendered":"https:\/\/francecopieur.com\/?page_id=6"},"modified":"2023-10-31T11:34:16","modified_gmt":"2023-10-31T10:34:16","slug":"france-copieur-accueil","status":"publish","type":"page","link":"https:\/\/francecopieur.com\/","title":{"rendered":"France Copieur"},"content":{"rendered":"<p><!-- Google Tag Manager --><br \/>\n<script>(function(w,d,s,l,i){w[l]=w[l]||[];w[l].push({'gtm.start':<br \/>\nnew Date().getTime(),event:'gtm.js'});var f=d.getElementsByTagName(s)[0],<br \/>\nj=d.createElement(s),dl=l!='dataLayer'?'&l='+l:'';j.async=true;j.src=<br \/>\n'https:\/\/www.googletagmanager.com\/gtm.js?id='+i+dl;f.parentNode.insertBefore(j,f);<br \/>\n})(window,document,'script','dataLayer','GTM-NRF8VJBM');<\/script><br \/>\n<!-- End Google Tag Manager --><\/p>\n\n\n<p class=\"has-text-align-center has-text-color\" style=\"color:#373737\"><meta charset=\"utf-8\">France Copieur vous apporte son expertise et des solutions dans le respect des normes environnementales, pour la vente et l\u2019achat de vos parcs de machines bureautiques et leurs consommables.<\/p>\n\n\n\n<div style=\"height:55px\" aria-hidden=\"true\" class=\"wp-block-spacer\"><\/div>\n\n\n\n<div class=\"wp-block-group alignfull has-background\" style=\"background-color:#e5e9ec\"><div class=\"wp-block-group__inner-container is-layout-flow wp-block-group-is-layout-flow\">\n<div class=\"wp-block-columns is-layout-flex wp-container-core-columns-is-layout-9d6595d7 wp-block-columns-is-layout-flex\">\n<div class=\"wp-block-column is-vertically-aligned-center is-layout-flow wp-block-column-is-layout-flow\">\n<h2 class=\"wp-block-heading has-text-color\" style=\"color:#373737\">Qui sommes nous ?<\/h2>\n\n\n\n<p class=\"has-text-color\" style=\"color:#373737\">France Copieur est une PME <strong>100% made in France<\/strong> sp\u00e9cialis\u00e9e dans <strong>l\u2019achat et la revente de photocopieurs d\u2019occasion<\/strong> et engag\u00e9e dans la Responsabilit\u00e9 Soci\u00e9tale des Entreprises.<\/p>\n\n\n\n<p class=\"has-text-color\" style=\"color:#373737\">Notre c\u0153ur de m\u00e9tier : la collecte et le r\u00e9emploi de mat\u00e9riel d\u2019impression et des consommables dans une d\u00e9marche soucieuse et respectueuse de l\u2019environnement.<\/p>\n\n\n\n<p class=\"has-text-color\" style=\"color:#373737\">Les collaborateurs de France Copieur mettent au service de l\u2019entreprise leur expertise dans le domaine du photocopieur d\u2019occasion et de l\u2019impression.<\/p>\n\n\n\n<div class=\"wp-block-buttons is-horizontal is-content-justification-left is-layout-flex wp-container-core-buttons-is-layout-7e5fce0a wp-block-buttons-is-layout-flex\">\n<div class=\"wp-block-button has-custom-font-size is-style-outline has-small-font-size is-style-outline--1\"><a class=\"wp-block-button__link has-text-color wp-element-button\" href=\"https:\/\/francecopieur.com\/index.php\/france-copieur-accueil\/presentation-entreprise\/\" style=\"color:#373737\">en savoir plus<\/a><\/div>\n<\/div>\n<\/div>\n\n\n\n<div class=\"wp-block-column is-layout-flow wp-block-column-is-layout-flow\">\n<div style=\"height:48px\" aria-hidden=\"true\" class=\"wp-block-spacer\"><\/div>\n\n\n\n<figure class=\"wp-block-image size-large\"><img loading=\"lazy\" decoding=\"async\" width=\"1024\" height=\"576\" src=\"https:\/\/francecopieur.com\/wp-content\/uploads\/2023\/10\/vue-du-haut-5-1024x576.jpg\" alt=\"\" class=\"wp-image-48\" srcset=\"https:\/\/francecopieur.com\/wp-content\/uploads\/2023\/10\/vue-du-haut-5-1024x576.jpg 1024w, https:\/\/francecopieur.com\/wp-content\/uploads\/2023\/10\/vue-du-haut-5-300x169.jpg 300w, https:\/\/francecopieur.com\/wp-content\/uploads\/2023\/10\/vue-du-haut-5-768x432.jpg 768w, https:\/\/francecopieur.com\/wp-content\/uploads\/2023\/10\/vue-du-haut-5-1536x864.jpg 1536w, https:\/\/francecopieur.com\/wp-content\/uploads\/2023\/10\/vue-du-haut-5-2048x1152.jpg 2048w, https:\/\/francecopieur.com\/wp-content\/uploads\/2023\/10\/vue-du-haut-5-2000x1125.jpg 2000w\" sizes=\"auto, (max-width: 1024px) 100vw, 1024px\" \/><\/figure>\n<\/div>\n<\/div>\n<\/div><\/div>\n\n\n\n<h2 class=\"wp-block-heading has-text-color\" style=\"color:#373737\">Nos services<\/h2>\n\n\n\n<figure class=\"wp-block-gallery has-nested-images columns-5 is-cropped wp-block-gallery-2 is-layout-flex wp-block-gallery-is-layout-flex\">\n<figure class=\"wp-block-image size-full is-style-rounded\"><a href=\"https:\/\/francecopieur.com\/index.php\/france-copieur-accueil\/nos-services\/achat\/#rachat\"><img loading=\"lazy\" decoding=\"async\" width=\"1016\" height=\"826\" data-id=\"233\" src=\"http:\/\/francecopieur.com\/wp-content\/uploads\/2023\/10\/Bandeau-nos-services_01.jpg\" alt=\"\" class=\"wp-image-233\" srcset=\"https:\/\/francecopieur.com\/wp-content\/uploads\/2023\/10\/Bandeau-nos-services_01.jpg 1016w, https:\/\/francecopieur.com\/wp-content\/uploads\/2023\/10\/Bandeau-nos-services_01-300x244.jpg 300w, https:\/\/francecopieur.com\/wp-content\/uploads\/2023\/10\/Bandeau-nos-services_01-768x624.jpg 768w\" sizes=\"auto, (max-width: 1016px) 100vw, 1016px\" \/><\/a><figcaption class=\"wp-element-caption\"><strong><a href=\"https:\/\/francecopieur.com\/index.php\/france-copieur-accueil\/nos-services\/achat\/\">Rachat<\/a><\/strong><\/figcaption><\/figure>\n\n\n\n<figure class=\"wp-block-image size-large is-style-rounded\"><a href=\"https:\/\/francecopieur.com\/index.php\/france-copieur-accueil\/nos-services\/vente\/#vente\"><img loading=\"lazy\" decoding=\"async\" width=\"1024\" height=\"679\" data-id=\"234\" src=\"http:\/\/francecopieur.com\/wp-content\/uploads\/2023\/10\/Bandeau-nos-services_02-1024x679.jpg\" alt=\"\" class=\"wp-image-234\" srcset=\"https:\/\/francecopieur.com\/wp-content\/uploads\/2023\/10\/Bandeau-nos-services_02-1024x679.jpg 1024w, https:\/\/francecopieur.com\/wp-content\/uploads\/2023\/10\/Bandeau-nos-services_02-300x199.jpg 300w, https:\/\/francecopieur.com\/wp-content\/uploads\/2023\/10\/Bandeau-nos-services_02-768x509.jpg 768w, https:\/\/francecopieur.com\/wp-content\/uploads\/2023\/10\/Bandeau-nos-services_02.jpg 1246w\" sizes=\"auto, (max-width: 1024px) 100vw, 1024px\" \/><\/a><figcaption class=\"wp-element-caption\"><strong><a href=\"https:\/\/francecopieur.com\/index.php\/france-copieur-accueil\/nos-services\/vente\/\">Vente<\/a><\/strong><\/figcaption><\/figure>\n\n\n\n<figure class=\"wp-block-image size-large is-style-rounded\"><a href=\"https:\/\/francecopieur.com\/index.php\/france-copieur-accueil\/nos-services\/recyclage-et-traitement-d3e-et-pieces\/#recyclage\"><img loading=\"lazy\" decoding=\"async\" width=\"1024\" height=\"707\" data-id=\"235\" src=\"http:\/\/francecopieur.com\/wp-content\/uploads\/2023\/10\/Bandeau-nos-services_03-1-1024x707.jpg\" alt=\"\" class=\"wp-image-235\" srcset=\"https:\/\/francecopieur.com\/wp-content\/uploads\/2023\/10\/Bandeau-nos-services_03-1-1024x707.jpg 1024w, https:\/\/francecopieur.com\/wp-content\/uploads\/2023\/10\/Bandeau-nos-services_03-1-300x207.jpg 300w, https:\/\/francecopieur.com\/wp-content\/uploads\/2023\/10\/Bandeau-nos-services_03-1-768x530.jpg 768w, https:\/\/francecopieur.com\/wp-content\/uploads\/2023\/10\/Bandeau-nos-services_03-1.jpg 1197w\" sizes=\"auto, (max-width: 1024px) 100vw, 1024px\" \/><\/a><figcaption class=\"wp-element-caption\"><strong><a href=\"https:\/\/francecopieur.com\/index.php\/france-copieur-accueil\/nos-services\/recyclage-et-traitement-d3e-et-pieces\/\">Recyclage<\/a><\/strong><\/figcaption><\/figure>\n\n\n\n<figure class=\"wp-block-image size-large is-style-rounded\"><a href=\"https:\/\/francecopieur.com\/index.php\/france-copieur-accueil\/nos-services\/prestation-logistique-et-deploiement\/#logistique\"><img loading=\"lazy\" decoding=\"async\" width=\"1024\" height=\"666\" data-id=\"236\" src=\"http:\/\/francecopieur.com\/wp-content\/uploads\/2023\/10\/Bandeau-nos-services_04-1024x666.jpg\" alt=\"\" class=\"wp-image-236\" srcset=\"https:\/\/francecopieur.com\/wp-content\/uploads\/2023\/10\/Bandeau-nos-services_04-1024x666.jpg 1024w, https:\/\/francecopieur.com\/wp-content\/uploads\/2023\/10\/Bandeau-nos-services_04-300x195.jpg 300w, https:\/\/francecopieur.com\/wp-content\/uploads\/2023\/10\/Bandeau-nos-services_04-768x500.jpg 768w, https:\/\/francecopieur.com\/wp-content\/uploads\/2023\/10\/Bandeau-nos-services_04.jpg 1270w\" sizes=\"auto, (max-width: 1024px) 100vw, 1024px\" \/><\/a><figcaption class=\"wp-element-caption\"><strong><a href=\"https:\/\/francecopieur.com\/index.php\/france-copieur-accueil\/nos-services\/prestation-logistique-et-deploiement\/\">Logistique<\/a><\/strong><\/figcaption><\/figure>\n\n\n\n<figure class=\"wp-block-image size-full is-style-rounded\"><a class=\"\" href=\"https:\/\/francecopieur.com\/index.php\/france-copieur-accueil\/nos-services\/prestation-logistique-et-deploiement\/#anonymisation\"><img loading=\"lazy\" decoding=\"async\" width=\"968\" height=\"826\" data-id=\"232\" src=\"http:\/\/francecopieur.com\/wp-content\/uploads\/2023\/10\/Bandeau-nos-services_05-1.jpg\" alt=\"\" class=\"wp-image-232\" srcset=\"https:\/\/francecopieur.com\/wp-content\/uploads\/2023\/10\/Bandeau-nos-services_05-1.jpg 968w, https:\/\/francecopieur.com\/wp-content\/uploads\/2023\/10\/Bandeau-nos-services_05-1-300x256.jpg 300w, https:\/\/francecopieur.com\/wp-content\/uploads\/2023\/10\/Bandeau-nos-services_05-1-768x655.jpg 768w\" sizes=\"auto, (max-width: 968px) 100vw, 968px\" \/><\/a><figcaption class=\"wp-element-caption\"><strong><a href=\"https:\/\/francecopieur.com\/index.php\/france-copieur-accueil\/nos-services\/prestation-logistique-et-deploiement\/\">Anonymisation<\/a><\/strong><\/figcaption><\/figure>\n<\/figure>\n\n\n\n<div class=\"wp-block-group alignfull has-background\" style=\"background-color:#e5e9ec\"><div class=\"wp-block-group__inner-container is-layout-flow wp-block-group-is-layout-flow\">\n<h2 class=\"wp-block-heading has-text-align-center has-text-color\" style=\"color:#373737\"><strong>En images&#8230;<\/strong><\/h2>\n\n\n\n<figure class=\"wp-block-gallery aligncenter has-nested-images columns-default is-cropped wp-block-gallery-3 is-layout-flex wp-block-gallery-is-layout-flex\">\n<figure class=\"wp-block-image size-large\"><img loading=\"lazy\" decoding=\"async\" width=\"1024\" height=\"576\" data-id=\"49\" src=\"https:\/\/francecopieur.com\/wp-content\/uploads\/2023\/10\/P1040226-1024x576.jpg\" alt=\"\" class=\"wp-image-49\" srcset=\"https:\/\/francecopieur.com\/wp-content\/uploads\/2023\/10\/P1040226-1024x576.jpg 1024w, https:\/\/francecopieur.com\/wp-content\/uploads\/2023\/10\/P1040226-300x169.jpg 300w, https:\/\/francecopieur.com\/wp-content\/uploads\/2023\/10\/P1040226-768x432.jpg 768w, https:\/\/francecopieur.com\/wp-content\/uploads\/2023\/10\/P1040226-1536x864.jpg 1536w, https:\/\/francecopieur.com\/wp-content\/uploads\/2023\/10\/P1040226-2048x1152.jpg 2048w, https:\/\/francecopieur.com\/wp-content\/uploads\/2023\/10\/P1040226-2000x1125.jpg 2000w\" sizes=\"auto, (max-width: 1024px) 100vw, 1024px\" \/><\/figure>\n\n\n\n<figure class=\"wp-block-image size-large\"><img loading=\"lazy\" decoding=\"async\" width=\"1024\" height=\"576\" data-id=\"50\" src=\"https:\/\/francecopieur.com\/wp-content\/uploads\/2023\/10\/Allee-stock-1024x576.jpg\" alt=\"\" class=\"wp-image-50\" srcset=\"https:\/\/francecopieur.com\/wp-content\/uploads\/2023\/10\/Allee-stock-1024x576.jpg 1024w, https:\/\/francecopieur.com\/wp-content\/uploads\/2023\/10\/Allee-stock-300x169.jpg 300w, https:\/\/francecopieur.com\/wp-content\/uploads\/2023\/10\/Allee-stock-768x432.jpg 768w, https:\/\/francecopieur.com\/wp-content\/uploads\/2023\/10\/Allee-stock-1536x864.jpg 1536w, https:\/\/francecopieur.com\/wp-content\/uploads\/2023\/10\/Allee-stock-2048x1152.jpg 2048w, https:\/\/francecopieur.com\/wp-content\/uploads\/2023\/10\/Allee-stock-2000x1125.jpg 2000w\" sizes=\"auto, (max-width: 1024px) 100vw, 1024px\" \/><\/figure>\n\n\n\n<figure class=\"wp-block-image size-large\"><img loading=\"lazy\" decoding=\"async\" width=\"1024\" height=\"576\" data-id=\"52\" src=\"https:\/\/francecopieur.com\/wp-content\/uploads\/2023\/10\/P1040288-1-1024x576.jpg\" alt=\"\" class=\"wp-image-52\" srcset=\"https:\/\/francecopieur.com\/wp-content\/uploads\/2023\/10\/P1040288-1-1024x576.jpg 1024w, https:\/\/francecopieur.com\/wp-content\/uploads\/2023\/10\/P1040288-1-300x169.jpg 300w, https:\/\/francecopieur.com\/wp-content\/uploads\/2023\/10\/P1040288-1-768x432.jpg 768w, https:\/\/francecopieur.com\/wp-content\/uploads\/2023\/10\/P1040288-1-1536x864.jpg 1536w, https:\/\/francecopieur.com\/wp-content\/uploads\/2023\/10\/P1040288-1-2048x1152.jpg 2048w, https:\/\/francecopieur.com\/wp-content\/uploads\/2023\/10\/P1040288-1-2000x1125.jpg 2000w\" sizes=\"auto, (max-width: 1024px) 100vw, 1024px\" \/><\/figure>\n\n\n\n<figure class=\"wp-block-image size-large\"><img loading=\"lazy\" decoding=\"async\" width=\"1024\" height=\"576\" data-id=\"53\" src=\"https:\/\/francecopieur.com\/wp-content\/uploads\/2023\/10\/P1040390-1024x576.jpg\" alt=\"\" class=\"wp-image-53\" srcset=\"https:\/\/francecopieur.com\/wp-content\/uploads\/2023\/10\/P1040390-1024x576.jpg 1024w, https:\/\/francecopieur.com\/wp-content\/uploads\/2023\/10\/P1040390-300x169.jpg 300w, https:\/\/francecopieur.com\/wp-content\/uploads\/2023\/10\/P1040390-768x432.jpg 768w, https:\/\/francecopieur.com\/wp-content\/uploads\/2023\/10\/P1040390-1536x864.jpg 1536w, https:\/\/francecopieur.com\/wp-content\/uploads\/2023\/10\/P1040390-2048x1152.jpg 2048w, https:\/\/francecopieur.com\/wp-content\/uploads\/2023\/10\/P1040390-2000x1125.jpg 2000w\" sizes=\"auto, (max-width: 1024px) 100vw, 1024px\" \/><\/figure>\n\n\n\n<figure class=\"wp-block-image size-large\"><img loading=\"lazy\" decoding=\"async\" width=\"1024\" height=\"576\" data-id=\"54\" src=\"https:\/\/francecopieur.com\/wp-content\/uploads\/2023\/10\/P1040290-1024x576.jpg\" alt=\"\" class=\"wp-image-54\" srcset=\"https:\/\/francecopieur.com\/wp-content\/uploads\/2023\/10\/P1040290-1024x576.jpg 1024w, https:\/\/francecopieur.com\/wp-content\/uploads\/2023\/10\/P1040290-300x169.jpg 300w, https:\/\/francecopieur.com\/wp-content\/uploads\/2023\/10\/P1040290-768x432.jpg 768w, https:\/\/francecopieur.com\/wp-content\/uploads\/2023\/10\/P1040290-1536x864.jpg 1536w, https:\/\/francecopieur.com\/wp-content\/uploads\/2023\/10\/P1040290-2048x1152.jpg 2048w, https:\/\/francecopieur.com\/wp-content\/uploads\/2023\/10\/P1040290-2000x1125.jpg 2000w\" sizes=\"auto, (max-width: 1024px) 100vw, 1024px\" \/><\/figure>\n\n\n\n<figure class=\"wp-block-image size-large\"><img loading=\"lazy\" decoding=\"async\" width=\"1024\" height=\"576\" data-id=\"55\" src=\"https:\/\/francecopieur.com\/wp-content\/uploads\/2023\/10\/P1040309-1024x576.jpg\" alt=\"\" class=\"wp-image-55\" srcset=\"https:\/\/francecopieur.com\/wp-content\/uploads\/2023\/10\/P1040309-1024x576.jpg 1024w, https:\/\/francecopieur.com\/wp-content\/uploads\/2023\/10\/P1040309-300x169.jpg 300w, https:\/\/francecopieur.com\/wp-content\/uploads\/2023\/10\/P1040309-768x432.jpg 768w, https:\/\/francecopieur.com\/wp-content\/uploads\/2023\/10\/P1040309-1536x864.jpg 1536w, https:\/\/francecopieur.com\/wp-content\/uploads\/2023\/10\/P1040309-2048x1152.jpg 2048w, https:\/\/francecopieur.com\/wp-content\/uploads\/2023\/10\/P1040309-2000x1125.jpg 2000w\" sizes=\"auto, (max-width: 1024px) 100vw, 1024px\" \/><\/figure>\n<\/figure>\n<\/div><\/div>\n\n\n\n<div class=\"wp-block-cover alignfull has-parallax is-position-center-center\" style=\"min-height:375px;aspect-ratio:unset;\"><span aria-hidden=\"true\" class=\"wp-block-cover__background has-black-background-color has-background-dim-40 has-background-dim\"><\/span><div role=\"img\" class=\"wp-block-cover__image-background wp-image-48 has-parallax\" style=\"background-position:50% 50%;background-image:url(http:\/\/francecopieur.com\/wp-content\/uploads\/2023\/10\/vue-du-haut-5-scaled.jpg)\"><\/div><div class=\"wp-block-cover__inner-container is-layout-flow wp-block-cover-is-layout-flow\">\n<p class=\"has-text-align-center has-text-color has-huge-font-size\" style=\"color:#fffffa;line-height:1.1\"><strong>Restons en contact !<\/strong><\/p>\n\n\n\n<ul class=\"wp-block-social-links is-content-justification-center is-layout-flex wp-container-core-social-links-is-layout-16018d1d wp-block-social-links-is-layout-flex\"><li class=\"wp-social-link wp-social-link-facebook  wp-block-social-link\"><a href=\"https:\/\/www.facebook.com\/francecopieur\" class=\"wp-block-social-link-anchor\"><svg width=\"24\" height=\"24\" viewBox=\"0 0 24 24\" version=\"1.1\" xmlns=\"http:\/\/www.w3.org\/2000\/svg\" aria-hidden=\"true\" focusable=\"false\"><path d=\"M12 2C6.5 2 2 6.5 2 12c0 5 3.7 9.1 8.4 9.9v-7H7.9V12h2.5V9.8c0-2.5 1.5-3.9 3.8-3.9 1.1 0 2.2.2 2.2.2v2.5h-1.3c-1.2 0-1.6.8-1.6 1.6V12h2.8l-.4 2.9h-2.3v7C18.3 21.1 22 17 22 12c0-5.5-4.5-10-10-10z\"><\/path><\/svg><span class=\"wp-block-social-link-label screen-reader-text\">Facebook<\/span><\/a><\/li>\n\n<li class=\"wp-social-link wp-social-link-linkedin  wp-block-social-link\"><a href=\"https:\/\/www.linkedin.com\/company\/73440659\/admin\/feed\/posts\/?feedType=following\" class=\"wp-block-social-link-anchor\"><svg width=\"24\" height=\"24\" viewBox=\"0 0 24 24\" version=\"1.1\" xmlns=\"http:\/\/www.w3.org\/2000\/svg\" aria-hidden=\"true\" focusable=\"false\"><path d=\"M19.7,3H4.3C3.582,3,3,3.582,3,4.3v15.4C3,20.418,3.582,21,4.3,21h15.4c0.718,0,1.3-0.582,1.3-1.3V4.3 C21,3.582,20.418,3,19.7,3z M8.339,18.338H5.667v-8.59h2.672V18.338z M7.004,8.574c-0.857,0-1.549-0.694-1.549-1.548 c0-0.855,0.691-1.548,1.549-1.548c0.854,0,1.547,0.694,1.547,1.548C8.551,7.881,7.858,8.574,7.004,8.574z M18.339,18.338h-2.669 v-4.177c0-0.996-0.017-2.278-1.387-2.278c-1.389,0-1.601,1.086-1.601,2.206v4.249h-2.667v-8.59h2.559v1.174h0.037 c0.356-0.675,1.227-1.387,2.526-1.387c2.703,0,3.203,1.779,3.203,4.092V18.338z\"><\/path><\/svg><span class=\"wp-block-social-link-label screen-reader-text\">LinkedIn<\/span><\/a><\/li>\n\n\n\n<li class=\"wp-social-link wp-social-link-youtube  wp-block-social-link\"><a href=\"https:\/\/www.youtube.com\/channel\/UCDOSMagJSbLYnqFLJJ_v0BA\/\" class=\"wp-block-social-link-anchor\"><svg width=\"24\" height=\"24\" viewBox=\"0 0 24 24\" version=\"1.1\" xmlns=\"http:\/\/www.w3.org\/2000\/svg\" aria-hidden=\"true\" focusable=\"false\"><path d=\"M21.8,8.001c0,0-0.195-1.378-0.795-1.985c-0.76-0.797-1.613-0.801-2.004-0.847c-2.799-0.202-6.997-0.202-6.997-0.202 h-0.009c0,0-4.198,0-6.997,0.202C4.608,5.216,3.756,5.22,2.995,6.016C2.395,6.623,2.2,8.001,2.2,8.001S2,9.62,2,11.238v1.517 c0,1.618,0.2,3.237,0.2,3.237s0.195,1.378,0.795,1.985c0.761,0.797,1.76,0.771,2.205,0.855c1.6,0.153,6.8,0.201,6.8,0.201 s4.203-0.006,7.001-0.209c0.391-0.047,1.243-0.051,2.004-0.847c0.6-0.607,0.795-1.985,0.795-1.985s0.2-1.618,0.2-3.237v-1.517 C22,9.62,21.8,8.001,21.8,8.001z M9.935,14.594l-0.001-5.62l5.404,2.82L9.935,14.594z\"><\/path><\/svg><span class=\"wp-block-social-link-label screen-reader-text\">YouTube<\/span><\/a><\/li><\/ul>\n\n\n\n<div class=\"wp-block-buttons is-horizontal is-content-justification-center is-layout-flex wp-container-core-buttons-is-layout-499968f5 wp-block-buttons-is-layout-flex\">\n\n<div class=\"wp-block-button is-style-outline is-style-outline--4\"><a class=\"wp-block-button__link has-white-color has-text-color wp-element-button\" href=\"https:\/\/francecopieur.com\/index.php\/contact\/\">Contactez-nous<\/a><\/div>\n\n<\/div><!-- Google Tag Manager (noscript) -->\n<noscript><iframe src=\"https:\/\/www.googletagmanager.com\/ns.html?id=GTM-NRF8VJBM\"\nheight=\"0\" width=\"0\" style=\"display:none;visibility:hidden\"><\/iframe><\/noscript>\n<!-- End Google Tag Manager (noscript) -->\n<\/div><\/div>\n","protected":false},"excerpt":{"rendered":"<p>France Copieur vous apporte son expertise et des solutions dans le respect des normes environnementales, pour la vente et l\u2019achat de vos parcs de machines bureautiques et leurs consommables. Qui sommes nous ? France Copieur est une PME 100% made in France sp\u00e9cialis\u00e9e dans l\u2019achat et la revente de photocopieurs d\u2019occasion et engag\u00e9e dans la &hellip; <\/p>\n<p class=\"link-more\"><a href=\"https:\/\/francecopieur.com\/\" class=\"more-link\">Read more<span class=\"screen-reader-text\"> &#8220;France Copieur&#8221;<\/span><\/a><\/p>\n","protected":false},"author":1,"featured_media":0,"parent":0,"menu_order":0,"comment_status":"closed","ping_status":"closed","template":"","meta":{"footnotes":""},"class_list":["post-6","page","type-page","status-publish","hentry"],"_links":{"self":[{"href":"https:\/\/francecopieur.com\/index.php\/wp-json\/wp\/v2\/pages\/6","targetHints":{"allow":["GET"]}}],"collection":[{"href":"https:\/\/francecopieur.com\/index.php\/wp-json\/wp\/v2\/pages"}],"about":[{"href":"https:\/\/francecopieur.com\/index.php\/wp-json\/wp\/v2\/types\/page"}],"author":[{"embeddable":true,"href":"https:\/\/francecopieur.com\/index.php\/wp-json\/wp\/v2\/users\/1"}],"replies":[{"embeddable":true,"href":"https:\/\/francecopieur.com\/index.php\/wp-json\/wp\/v2\/comments?post=6"}],"version-history":[{"count":37,"href":"https:\/\/francecopieur.com\/index.php\/wp-json\/wp\/v2\/pages\/6\/revisions"}],"predecessor-version":[{"id":321,"href":"https:\/\/francecopieur.com\/index.php\/wp-json\/wp\/v2\/pages\/6\/revisions\/321"}],"wp:attachment":[{"href":"https:\/\/francecopieur.com\/index.php\/wp-json\/wp\/v2\/media?parent=6"}],"curies":[{"name":"wp","href":"https:\/\/api.w.org\/{rel}","templated":true}]}}