{"id":66,"date":"2023-10-17T10:13:22","date_gmt":"2023-10-17T08:13:22","guid":{"rendered":"https:\/\/francecopieur.com\/?page_id=66"},"modified":"2023-10-31T11:44:15","modified_gmt":"2023-10-31T10:44:15","slug":"presentation-entreprise","status":"publish","type":"page","link":"https:\/\/francecopieur.com\/index.php\/france-copieur-accueil\/presentation-entreprise\/","title":{"rendered":"Qui sommes nous ?"},"content":{"rendered":"<p><!-- Google Tag Manager --><br \/>\n<script>(function(w,d,s,l,i){w[l]=w[l]||[];w[l].push({'gtm.start':<br \/>\nnew Date().getTime(),event:'gtm.js'});var f=d.getElementsByTagName(s)[0],<br \/>\nj=d.createElement(s),dl=l!='dataLayer'?'&l='+l:'';j.async=true;j.src=<br \/>\n'https:\/\/www.googletagmanager.com\/gtm.js?id='+i+dl;f.parentNode.insertBefore(j,f);<br \/>\n})(window,document,'script','dataLayer','GTM-NRF8VJBM');<\/script><br \/>\n<!-- End Google Tag Manager --><\/p>\n\n\n<div class=\"wp-block-group alignfull\"><div class=\"wp-block-group__inner-container is-layout-constrained wp-block-group-is-layout-constrained\">\n<div class=\"wp-block-group alignfull has-background\" style=\"background-color:#e5e9ec\"><div class=\"wp-block-group__inner-container is-layout-constrained wp-block-group-is-layout-constrained\">\n<h2 class=\"wp-block-heading\">Qui sommes nous ?<\/h2>\n\n\n\n<p class=\"has-background\" style=\"background-color:#e5e9ec\">France Copieur est une PME <strong>100% made in France<\/strong> sp\u00e9cialis\u00e9e dans<strong> l\u2019achat et la revente de photocopieurs d\u2019occasion<\/strong> et engag\u00e9e dans la Responsabilit\u00e9 Soci\u00e9tale des Entreprises.<br>Notre c\u0153ur de m\u00e9tier : la collecte et le r\u00e9emploi de mat\u00e9riel d\u2019impression et des consommables dans une d\u00e9marche soucieuse et respectueuse de l\u2019environnement.<br>Les collaborateurs de France Copieur mettent au service de l\u2019entreprise leur expertise dans le domaine du photocopieur d\u2019occasion et de l\u2019impression.<br>Photocopieurs, imprimantes, traceurs, cartouches de toner et consommables : <a href=\"https:\/\/francecopieur.com\/index.php\/nos-services\/\" data-type=\"page\" data-id=\"24\">France Copieur offre du mat\u00e9riel d\u2019impression et des consommables de toutes les marques leaders de seconde vie<\/a>.<\/p>\n<\/div><\/div>\n<\/div><\/div>\n\n\n\n<div class=\"wp-block-columns are-vertically-aligned-center is-layout-flex wp-container-core-columns-is-layout-9d6595d7 wp-block-columns-is-layout-flex\">\n<div class=\"wp-block-column is-vertically-aligned-center is-layout-flow wp-block-column-is-layout-flow\" style=\"flex-basis:33.33%\"><div class=\"wp-block-image\">\n<figure class=\"aligncenter size-large is-resized\"><img loading=\"lazy\" decoding=\"async\" width=\"576\" height=\"1024\" src=\"https:\/\/francecopieur.com\/wp-content\/uploads\/2023\/10\/P1040225-576x1024.jpg\" alt=\"\" class=\"wp-image-68\" style=\"aspect-ratio:0.5625;width:218px;height:auto\" srcset=\"https:\/\/francecopieur.com\/wp-content\/uploads\/2023\/10\/P1040225-576x1024.jpg 576w, https:\/\/francecopieur.com\/wp-content\/uploads\/2023\/10\/P1040225-169x300.jpg 169w, https:\/\/francecopieur.com\/wp-content\/uploads\/2023\/10\/P1040225-768x1365.jpg 768w, https:\/\/francecopieur.com\/wp-content\/uploads\/2023\/10\/P1040225-864x1536.jpg 864w, https:\/\/francecopieur.com\/wp-content\/uploads\/2023\/10\/P1040225-1152x2048.jpg 1152w, https:\/\/francecopieur.com\/wp-content\/uploads\/2023\/10\/P1040225-2000x3554.jpg 2000w, https:\/\/francecopieur.com\/wp-content\/uploads\/2023\/10\/P1040225-scaled.jpg 1441w\" sizes=\"auto, (max-width: 576px) 100vw, 576px\" \/><\/figure>\n<\/div><\/div>\n\n\n\n<div class=\"wp-block-column is-vertically-aligned-center is-layout-flow wp-block-column-is-layout-flow\" style=\"flex-basis:90%\">\n<hr class=\"wp-block-separator has-alpha-channel-opacity\"\/>\n\n\n\n<p>Notre exp\u00e9rience et notre r\u00e9activit\u00e9, nous positionnent comme un <strong>partenaire de croissance id\u00e9al <\/strong>pour quiconque sur le march\u00e9 international du photocopieur et de sa revalorisation.<\/p>\n\n\n\n<p>Fort de cette expertise, France Copieur joue un r\u00f4le important \u00e0 l\u2019essor de l\u2019\u00e9conomie circulaire prolongeant la dur\u00e9e de vie des \u00e9quipements et r\u00e9duisant ses d\u00e9chets en respectant les normes actuelles RGPD et la protection de vos donn\u00e9es.<\/p>\n\n\n\n<p>Les comp\u00e9tences de nos techniciens sont mises \u00e0 jour r\u00e9guli\u00e8rement et nous permettent de vous proposer du multi marques :<\/p>\n\n\n\n<p class=\"has-text-align-left\"><strong><a href=\"https:\/\/www.konicaminolta.fr\/fr-fr\" data-type=\"link\" data-id=\"https:\/\/www.konicaminolta.fr\/fr-fr\">Konica Minolta<\/a>, <a href=\"https:\/\/www.canon.fr\/\">Canon<\/a>, <strong><a href=\"https:\/\/www.ricoh.fr\/\" data-type=\"link\" data-id=\"https:\/\/www.ricoh.fr\/\">Ricoh<\/a><\/strong>, <a href=\"https:\/\/xerox.fr\/\">Xerox<\/a>, <a href=\"https:\/\/toshiba.fr\/\">Toshiba<\/a>, <a href=\"https:\/\/www.sharp.fr\/\">Sharp<\/a>, <a href=\"https:\/\/global.kyocera.com\/\">Kyocera<\/a>, <a href=\"https:\/\/hp.com\/\">HP<\/a><\/strong><\/p>\n\n\n\n<hr class=\"wp-block-separator has-alpha-channel-opacity\"\/>\n<\/div>\n<\/div>\n\n\n\n<p><a href=\"https:\/\/www.google.com\/maps\/@46.692792,-1.3907354,14z?entry=ttu\">Notre centre logistique<\/a> de 3 000 m\u00b2 se situe \u00e0 La Roche-sur-Yon (France) et dispose au jour le jour d\u2019un stock de plus de 5000 machines.<\/p>\n\n\n\n<figure class=\"wp-block-embed is-type-video is-provider-youtube wp-block-embed-youtube wp-embed-aspect-16-9 wp-has-aspect-ratio\"><div class=\"wp-block-embed__wrapper\">\n<iframe loading=\"lazy\" title=\"FRANCE COPIEUR | Pr\u00e9sentation en images\" width=\"950\" height=\"534\" src=\"https:\/\/www.youtube.com\/embed\/0kT4cMIbvEY?feature=oembed\" frameborder=\"0\" allow=\"accelerometer; autoplay; clipboard-write; encrypted-media; gyroscope; picture-in-picture; web-share\" allowfullscreen><\/iframe>\n<\/div><\/figure>\n\n\n<p><!-- Google Tag Manager (noscript) --><br \/>\n<noscript><iframe src=\"https:\/\/www.googletagmanager.com\/ns.html?id=GTM-NRF8VJBM\"\nheight=\"0\" width=\"0\" style=\"display:none;visibility:hidden\"><\/iframe><\/noscript><br \/>\n<!-- End Google Tag Manager (noscript) --><\/p>","protected":false},"excerpt":{"rendered":"<p>Qui sommes nous ? France Copieur est une PME 100% made in France sp\u00e9cialis\u00e9e dans l\u2019achat et la revente de photocopieurs d\u2019occasion et engag\u00e9e dans la Responsabilit\u00e9 Soci\u00e9tale des Entreprises.Notre c\u0153ur de m\u00e9tier : la collecte et le r\u00e9emploi de mat\u00e9riel d\u2019impression et des consommables dans une d\u00e9marche soucieuse et respectueuse de l\u2019environnement.Les collaborateurs de &hellip; <\/p>\n<p class=\"link-more\"><a href=\"https:\/\/francecopieur.com\/index.php\/france-copieur-accueil\/presentation-entreprise\/\" class=\"more-link\">Read more<span class=\"screen-reader-text\"> &#8220;Qui sommes nous ?&#8221;<\/span><\/a><\/p>\n","protected":false},"author":1,"featured_media":0,"parent":6,"menu_order":0,"comment_status":"closed","ping_status":"closed","template":"","meta":{"footnotes":""},"class_list":["post-66","page","type-page","status-publish","hentry"],"_links":{"self":[{"href":"https:\/\/francecopieur.com\/index.php\/wp-json\/wp\/v2\/pages\/66","targetHints":{"allow":["GET"]}}],"collection":[{"href":"https:\/\/francecopieur.com\/index.php\/wp-json\/wp\/v2\/pages"}],"about":[{"href":"https:\/\/francecopieur.com\/index.php\/wp-json\/wp\/v2\/types\/page"}],"author":[{"embeddable":true,"href":"https:\/\/francecopieur.com\/index.php\/wp-json\/wp\/v2\/users\/1"}],"replies":[{"embeddable":true,"href":"https:\/\/francecopieur.com\/index.php\/wp-json\/wp\/v2\/comments?post=66"}],"version-history":[{"count":19,"href":"https:\/\/francecopieur.com\/index.php\/wp-json\/wp\/v2\/pages\/66\/revisions"}],"predecessor-version":[{"id":331,"href":"https:\/\/francecopieur.com\/index.php\/wp-json\/wp\/v2\/pages\/66\/revisions\/331"}],"up":[{"embeddable":true,"href":"https:\/\/francecopieur.com\/index.php\/wp-json\/wp\/v2\/pages\/6"}],"wp:attachment":[{"href":"https:\/\/francecopieur.com\/index.php\/wp-json\/wp\/v2\/media?parent=66"}],"curies":[{"name":"wp","href":"https:\/\/api.w.org\/{rel}","templated":true}]}}